{"id":314,"date":"2023-05-02T12:39:28","date_gmt":"2023-05-02T12:39:28","guid":{"rendered":"http:\/\/menschendecuba.de\/jetzt-spenden-copy\/"},"modified":"2023-06-01T07:54:42","modified_gmt":"2023-06-01T07:54:42","slug":"impressum","status":"publish","type":"page","link":"https:\/\/menschendecuba.de\/es\/impressum\/","title":{"rendered":"Aviso Legal"},"content":{"rendered":"<div data-elementor-type=\"wp-page\" data-elementor-id=\"314\" class=\"elementor elementor-314\" data-elementor-post-type=\"page\">\n\t\t\t\t\t\t<section class=\"elementor-section elementor-top-section elementor-element elementor-element-10187b1c elementor-section-full_width elementor-section-height-default elementor-section-height-default\" data-id=\"10187b1c\" data-element_type=\"section\" data-e-type=\"section\">\n\t\t\t\t\t\t<div class=\"elementor-container elementor-column-gap-no\">\n\t\t\t\t\t<div class=\"elementor-column elementor-col-100 elementor-top-column elementor-element elementor-element-54fe4997\" data-id=\"54fe4997\" data-element_type=\"column\" data-e-type=\"column\">\n\t\t\t<div class=\"elementor-widget-wrap elementor-element-populated\">\n\t\t\t\t\t\t<div class=\"elementor-element elementor-element-7c7300ff elementor-widget elementor-widget-heading\" data-id=\"7c7300ff\" data-element_type=\"widget\" data-e-type=\"widget\" data-widget_type=\"heading.default\">\n\t\t\t\t<div class=\"elementor-widget-container\">\n\t\t\t\t\t<h2 class=\"elementor-heading-title elementor-size-default\">Aviso Legal<\/h2>\t\t\t\t<\/div>\n\t\t\t\t<\/div>\n\t\t\t\t<section class=\"elementor-section elementor-inner-section elementor-element elementor-element-4d8b4be6 elementor-section-full_width elementor-section-height-default elementor-section-height-default\" data-id=\"4d8b4be6\" data-element_type=\"section\" data-e-type=\"section\">\n\t\t\t\t\t\t<div class=\"elementor-container elementor-column-gap-no\">\n\t\t\t\t\t<div class=\"elementor-column elementor-col-100 elementor-inner-column elementor-element elementor-element-7aa10174\" data-id=\"7aa10174\" data-element_type=\"column\" data-e-type=\"column\">\n\t\t\t<div class=\"elementor-widget-wrap elementor-element-populated\">\n\t\t\t\t\t\t<div class=\"elementor-element elementor-element-6375a529 elementor-widget elementor-widget-text-editor\" data-id=\"6375a529\" data-element_type=\"widget\" data-e-type=\"widget\" data-widget_type=\"text-editor.default\">\n\t\t\t\t<div class=\"elementor-widget-container\">\n\t\t\t\t\t\t\t\t\t<div class=\"page\" title=\"La Asociaci\u00f3n es una plataforma para personas comprometidas con un Cambio pac\u00edfico y democr\u00e1tico en Cuba, tras haber reconocido que la causa principal del sufrimiento del Pueblo Cubano reside en la dictadura  totalitaria del Partido Comunista de Cuba, que viola los Derechos Humanos.  MenschenDeCuba est\u00e1 registrada con el n\u00famero de Asociaci\u00f3n 722264 en el Registro de Asociaciones del tribunal de distrito de Ulm y lleva el sufijo &quot;e.V.&quot;. Nuestro domicilio social est\u00e1 en 88457, Kirchdorf an der Iller. Y estamos reconocidos como organizaci\u00f3n sin \u00e1nimo de lucro por la oficina de impuestos de Biberach con un notificaci\u00f3n de exenci\u00f3n, seg\u00fan \u00a7 60 a AO, con fecha del 24.11.2022.\"><div class=\"layoutArea\"><div class=\"column\"><p class=\"p2\"><strong>Angaben gem\u00e4\u00df \u00a7 5 TMG:<\/strong><\/p><p class=\"p2\">Vereinigung Kubanischer B\u00fcrger in Deutschland f\u00fcr Demokratie und Menschenrechte: \u201eMenschenDeCuba\u201c e.V.<span class=\"Apple-converted-space\">\u00a0<\/span><\/p><p class=\"p2\"><span class=\"Apple-converted-space\">\u00a0<\/span><\/p><p class=\"p2\"><b>Vertretungsberechtigter Vorstand gem\u00e4\u00df \u00a7 26 BGB<\/b><\/p><p class=\"p2\">Legren V\u00e9lez Rigondeaux, 1.Vorstand<\/p><p class=\"p2\">Dayli Al\u00e1ntara de la Cruz, 2.Vorstand<\/p><p class=\"p2\">Yohaina Vald\u00e9s Carbonell, Kassenwartin<\/p><p class=\"p2\">\u00a0<\/p><p class=\"p2\"><b>Anschrift\/Kontakt<span class=\"Apple-converted-space\">\u00a0<\/span><\/b><\/p><p class=\"p2\">Hauffstr. 3<\/p><p class=\"p2\">88457 Kirchdorf Iller<\/p><p class=\"p2\">Tel: +49 16099047345<\/p><p class=\"p2\">info@menschendecuba.de<\/p><p class=\"p2\">\u00a0<\/p><p class=\"p2\"><b>Registereintrag:<\/b><\/p><p class=\"p2\">Eintragung im Vereinsregister<\/p><p class=\"p2\">Registergericht: Ulm<\/p><p class=\"p2\">Registernummer: VR 722264<\/p><p class=\"p2\">\u00a0<\/p><p class=\"p2\"><b>Inhaltlich Verantwortlicher gem\u00e4\u00df \u00a710 Absatz MDStV:<\/b><\/p><p class=\"p2\"><span class=\"Apple-converted-space\">\u00a0<\/span>Legren V\u00e9lez Rigondeaux<span class=\"Apple-converted-space\">\u00a0<\/span><\/p><p class=\"p5\"><span class=\"s2\">E-Mail: <a href=\"mailto:vorstand@menschendecuba.de\"><span class=\"s3\">vorstand@menschendecuba.de<\/span><\/a><\/span><\/p><p class=\"p5\">\u00a0<\/p><p class=\"p2\"><b>Quellenangaben f\u00fcr die verwendeten Bilder und Grafiken:<\/b><\/p><p class=\"p2\">Legren V\u00e9lez Rigondeaux<\/p><p>Titelbilder: \u00a9 Yamil Lage Acosta<\/p><p>\u00a0<\/p><p class=\"p2\"><b>Konzept &amp; Design:<\/b><\/p><p class=\"p2\">wave breaker<\/p><p class=\"p2\">\u00a0<\/p><p class=\"p2\"><b>Haftung f\u00fcr Inhalte:<\/b><\/p><p class=\"p2\">Als Dienstanbieter sind wir gem\u00e4\u00df \u00a77 Abs.1 TMG f\u00fcr eigene Inhalte auf diesen Seiten nach den allgemeinen Gesetzen verantwortlich. Nach \u00a7\u00a78 bis 10 TMG sind wir als Dienstanbieter jedoch nicht verpflichtet, \u00fcbermittelte oder gespeicherte fremde Informationen zu \u00fcberwachen oder nach Umst\u00e4nden zu forschen, die auf eine rechtswidrige T\u00e4tigkeit hinweisen.<\/p><p class=\"p2\">Verpflichtungen zur Entfernung oder Sperrung der Nutzung von Informationen nach den allgemeinen Gesetzen bleiben hiervon unber\u00fchrt. Eine diesbez\u00fcgliche Haftung ist jedoch erst ab dem Zeitpunkt der Kenntnis einer konkreten Rechtsverletzung m\u00f6glich. Bei Bekanntwerden von entsprechenden Rechtsverletzungen werden wir diese Inhalte umgehend entfernen.<\/p><p class=\"p2\">\u00a0<\/p><p class=\"p2\"><b>Haftung f\u00fcr Links<\/b><\/p><p class=\"p2\">Unser Angebot enth\u00e4lt Links zu externen Websites Dritter, auf deren Inhalte wir keinen Einfluss haben. Deshalb k\u00f6nnen wir f\u00fcr diese fremden Inhalte auch keine Gew\u00e4hr \u00fcbernehmen. F\u00fcr die Inhalte der verlinkten Seiten ist stets der jeweilige Anbieter oder Betreiber der Seiten verantwortlich. Die verlinkten Seiten wurden zum Zeitpunkt der Verlinkung auf m\u00f6gliche Rechtsverst\u00f6\u00dfe \u00fcberpr\u00fcft. Rechtswidrige Inhalte waren zum Zeitpunkt der Verlinkung nicht erkennbar.<\/p><p class=\"p2\">Eine permanente inhaltliche Kontrolle der verlinkten Seiten ist jedoch ohne konkrete Anhaltspunkte einer Rechtsverletzung nicht zumutbar. Bei Bekanntwerden von Rechtsverletzungen werden wir derartige Links umgehend entfernen.<\/p><p class=\"p2\">\u00a0<\/p><p class=\"p2\"><b>Urheberrecht<\/b><\/p><p class=\"p2\">Die durch die Seitenbetreiber erstellten Inhalte und Werke auf diesen Seiten unterliegen dem deutschen Urheberrecht. Die Vervielf\u00e4ltigung, Bearbeitung, Verbreitung und jede Art der Verwertung au\u00dferhalb der Grenzen des Urheberrechtes bed\u00fcrfen der schriftlichen Zustimmung des jeweiligen Autors bzw. Erstellers. Downloads und Kopien dieser Seite sind nur f\u00fcr den privaten, nicht kommerziellen Gebrauch gestattet. Soweit die Inhalte auf dieser Seite nicht vom Betreiber erstellt wurden, werden die Urheberrechte Dritter beachtet. Insbesondere werden Inhalte Dritter als solche gekennzeichnet. Sollten Sie trotzdem auf eine Urheberrechtsverletzung aufmerksam werden, bitten wir um einen entsprechenden Hinweis. Bei Bekanntwerden von Rechtsverletzungen werden wir derartige Inhalte umgehend entfernen.<\/p><p class=\"p2\">Der Nachdruck und die Auswertung von Pressemitteilungen und Reden sind mit Quellenangabe allgemein gestattet.<\/p><p class=\"p2\">\u00a0<\/p><p class=\"p2\"><b>Haftungsausschluss<\/b><\/p><p class=\"p2\">Alle auf dieser Internetseite bereitgestellten Informationen haben wir nach bestem Wissen und Gewissen erarbeitet und gepr\u00fcft. Eine Gew\u00e4hr f\u00fcr die jederzeitige Aktualit\u00e4t, Richtigkeit, Vollst\u00e4ndigkeit und Verf\u00fcgbarkeit der bereit gestellten Informationen k\u00f6nnen wir allerdings nicht \u00fcbernehmen. Ein Vertragsverh\u00e4ltnis mit den Nutzern des Internetangebots kommt nicht zustande.<\/p><p class=\"p2\">Wir haften nicht f\u00fcr Sch\u00e4den, die durch die Nutzung dieses Internetangebots entstehen. Dieser Haftungsausschluss gilt nicht, soweit die Vorschriften des \u00a7 839 BGB (Haftung bei Amtspflichtverletzung) einschl\u00e4gig sind. F\u00fcr etwaige Sch\u00e4den, die beim Aufrufen oder Herunterladen von Daten durch Schadsoftware oder der Installation oder Nutzung von Software verursacht werden, wird nicht gehaftet.<\/p><p class=\"p2\">Falls im Einzelfall erforderlich: Der Haftungsausschluss gilt nicht f\u00fcr Informationen, die in den Anwendungsbereich der Europ\u00e4ischen Dienstleistungsrichtlinie (Richtlinie 2006\/123\/EG \u2013 DLRL) fallen. F\u00fcr diese Informationen wird die Richtigkeit und Aktualit\u00e4t gew\u00e4hrleistet.<\/p><p class=\"p2\">\u00a0<\/p><p class=\"p2\"><b>Links<\/b><\/p><p class=\"p2\">Von unseren eigenen Inhalten sind Querverweise (\u201eLinks\u201c) auf die Webseiten anderer Anbieter zu unterscheiden. Durch diese Links erm\u00f6glichen wir lediglich den Zugang zur Nutzung fremder Inhalte nach \u00a7 8 Telemediengesetz. Bei der erstmaligen Verkn\u00fcpfung mit diesen Internetangeboten haben wir diese fremden Inhalte daraufhin \u00fcberpr\u00fcft, ob durch sie eine m\u00f6gliche zivilrechtliche oder strafrechtliche Verantwortlichkeit ausgel\u00f6st wird. Wir k\u00f6nnen diese fremden Inhalte aber nicht st\u00e4ndig auf Ver\u00e4nderungen \u00fcberpr\u00fcfen und daher auch keine Verantwortung daf\u00fcr \u00fcbernehmen. F\u00fcr illegale, fehlerhafte oder unvollst\u00e4ndige Inhalte und insbesondere f\u00fcr Sch\u00e4den, die aus der Nutzung oder Nichtnutzung von Informationen Dritter entstehen, haftet allein der jeweilige Anbieter der Seite.<\/p><\/div><\/div><\/div>\t\t\t\t\t\t\t\t<\/div>\n\t\t\t\t<\/div>\n\t\t\t\t\t<\/div>\n\t\t<\/div>\n\t\t\t\t\t<\/div>\n\t\t<\/section>\n\t\t\t\t\t<\/div>\n\t\t<\/div>\n\t\t\t\t\t<\/div>\n\t\t<\/section>\n\t\t\t\t<\/div>","protected":false},"excerpt":{"rendered":"<p>Impressum Angaben gem\u00e4\u00df \u00a7 5 TMG: Vereinigung Kubanischer B\u00fcrger in Deutschland f\u00fcr Demokratie und Menschenrechte: \u201eMenschenDeCuba\u201c e.V.\u00a0 \u00a0 Vertretungsberechtigter Vorstand gem\u00e4\u00df \u00a7 26 BGB Legren V\u00e9lez Rigondeaux, 1.Vorstand Dayli Al\u00e1ntara de la Cruz, 2.Vorstand Yohaina Vald\u00e9s Carbonell, Kassenwartin \u00a0 Anschrift\/Kontakt\u00a0 Hauffstr. 3 88457 Kirchdorf Iller Tel: +49 16099047345 info@menschendecuba.de \u00a0 Registereintrag: Eintragung im Vereinsregister Registergericht:&hellip; <a class=\"more-link\" href=\"https:\/\/menschendecuba.de\/es\/impressum\/\">Seguir leyendo <span class=\"screen-reader-text\">Aviso Legal<\/span><\/a><\/p>","protected":false},"author":1,"featured_media":0,"parent":0,"menu_order":0,"comment_status":"closed","ping_status":"closed","template":"elementor_header_footer","meta":{"footnotes":""},"class_list":["post-314","page","type-page","status-publish","hentry","entry"],"_links":{"self":[{"href":"https:\/\/menschendecuba.de\/es\/wp-json\/wp\/v2\/pages\/314","targetHints":{"allow":["GET"]}}],"collection":[{"href":"https:\/\/menschendecuba.de\/es\/wp-json\/wp\/v2\/pages"}],"about":[{"href":"https:\/\/menschendecuba.de\/es\/wp-json\/wp\/v2\/types\/page"}],"author":[{"embeddable":true,"href":"https:\/\/menschendecuba.de\/es\/wp-json\/wp\/v2\/users\/1"}],"replies":[{"embeddable":true,"href":"https:\/\/menschendecuba.de\/es\/wp-json\/wp\/v2\/comments?post=314"}],"version-history":[{"count":0,"href":"https:\/\/menschendecuba.de\/es\/wp-json\/wp\/v2\/pages\/314\/revisions"}],"wp:attachment":[{"href":"https:\/\/menschendecuba.de\/es\/wp-json\/wp\/v2\/media?parent=314"}],"curies":[{"name":"wp","href":"https:\/\/api.w.org\/{rel}","templated":true}]}}