{"id":276,"date":"2023-05-02T12:23:19","date_gmt":"2023-05-02T12:23:19","guid":{"rendered":"http:\/\/menschendecuba.de\/ueber-uns-copy\/"},"modified":"2023-06-02T10:50:01","modified_gmt":"2023-06-02T10:50:01","slug":"jetzt-spenden","status":"publish","type":"page","link":"https:\/\/menschendecuba.de\/es\/jetzt-spenden\/","title":{"rendered":"Jetzt spenden"},"content":{"rendered":"<div data-elementor-type=\"wp-page\" data-elementor-id=\"276\" class=\"elementor elementor-276\" data-elementor-post-type=\"page\">\n\t\t\t\t\t\t<section class=\"elementor-section elementor-top-section elementor-element elementor-element-10187b1c elementor-section-full_width elementor-section-height-default elementor-section-height-default\" data-id=\"10187b1c\" data-element_type=\"section\" data-e-type=\"section\">\n\t\t\t\t\t\t<div class=\"elementor-container elementor-column-gap-no\">\n\t\t\t\t\t<div class=\"elementor-column elementor-col-100 elementor-top-column elementor-element elementor-element-54fe4997\" data-id=\"54fe4997\" data-element_type=\"column\" data-e-type=\"column\">\n\t\t\t<div class=\"elementor-widget-wrap elementor-element-populated\">\n\t\t\t\t\t\t<div class=\"elementor-element elementor-element-7c7300ff elementor-widget elementor-widget-heading\" data-id=\"7c7300ff\" data-element_type=\"widget\" data-e-type=\"widget\" data-widget_type=\"heading.default\">\n\t\t\t\t<div class=\"elementor-widget-container\">\n\t\t\t\t\t<h2 class=\"elementor-heading-title elementor-size-default\">Donar Ahora<\/h2>\t\t\t\t<\/div>\n\t\t\t\t<\/div>\n\t\t\t\t<div class=\"elementor-element elementor-element-6375a529 elementor-widget elementor-widget-text-editor\" data-id=\"6375a529\" data-element_type=\"widget\" data-e-type=\"widget\" data-widget_type=\"text-editor.default\">\n\t\t\t\t<div class=\"elementor-widget-container\">\n\t\t\t\t\t\t\t\t\t<div class=\"page\" title=\"La Asociaci\u00f3n es una plataforma para personas comprometidas con un Cambio pac\u00edfico y democr\u00e1tico en Cuba, tras haber reconocido que la causa principal del sufrimiento del Pueblo Cubano reside en la dictadura  totalitaria del Partido Comunista de Cuba, que viola los Derechos Humanos.  MenschenDeCuba est\u00e1 registrada con el n\u00famero de Asociaci\u00f3n 722264 en el Registro de Asociaciones del tribunal de distrito de Ulm y lleva el sufijo &quot;e.V.&quot;. Nuestro domicilio social est\u00e1 en 88457, Kirchdorf an der Iller. Y estamos reconocidos como organizaci\u00f3n sin \u00e1nimo de lucro por la oficina de impuestos de Biberach con un notificaci\u00f3n de exenci\u00f3n, seg\u00fan \u00a7 60 a AO, con fecha del 24.11.2022.\"><div class=\"layoutArea\"><div class=\"column\"><p class=\"p1\">La Asociaci\u00f3n y las personas que aman la Libertad en Cuba agradecen todo apoyo activo, econ\u00f3mico o material que pueda contribuir a la realizaci\u00f3n de los objetivos de la Asociaci\u00f3n.<\/p><p class=\"p1\">MenschenDeCuba e.V.<\/p><\/div><\/div><\/div>\t\t\t\t\t\t\t\t<\/div>\n\t\t\t\t<\/div>\n\t\t\t\t<section class=\"elementor-section elementor-inner-section elementor-element elementor-element-4d8b4be6 elementor-section-full_width elementor-section-height-default elementor-section-height-default\" data-id=\"4d8b4be6\" data-element_type=\"section\" data-e-type=\"section\">\n\t\t\t\t\t\t<div class=\"elementor-container elementor-column-gap-no\">\n\t\t\t\t\t<div class=\"elementor-column elementor-col-50 elementor-inner-column elementor-element elementor-element-7aa10174\" data-id=\"7aa10174\" data-element_type=\"column\" data-e-type=\"column\">\n\t\t\t<div class=\"elementor-widget-wrap elementor-element-populated\">\n\t\t\t\t\t\t<div class=\"elementor-element elementor-element-78f5740b elementor-position-top elementor-widget elementor-widget-image-box\" data-id=\"78f5740b\" data-element_type=\"widget\" data-e-type=\"widget\" data-widget_type=\"image-box.default\">\n\t\t\t\t<div class=\"elementor-widget-container\">\n\t\t\t\t\t<div class=\"elementor-image-box-wrapper\"><figure class=\"elementor-image-box-img\"><img fetchpriority=\"high\" decoding=\"async\" width=\"2560\" height=\"1563\" src=\"https:\/\/menschendecuba.de\/wp-content\/uploads\/2023\/05\/marques-thomas-gs9uci8JvGw-unsplash-scaled.jpg\" class=\"attachment-full size-full wp-image-287\" alt=\"\" style=\"width:100%;height:61.05%;max-width:2560px\" srcset=\"https:\/\/menschendecuba.de\/wp-content\/uploads\/2023\/05\/marques-thomas-gs9uci8JvGw-unsplash-scaled.jpg 2560w, https:\/\/menschendecuba.de\/wp-content\/uploads\/2023\/05\/marques-thomas-gs9uci8JvGw-unsplash-300x183.jpg 300w, https:\/\/menschendecuba.de\/wp-content\/uploads\/2023\/05\/marques-thomas-gs9uci8JvGw-unsplash-1024x625.jpg 1024w, https:\/\/menschendecuba.de\/wp-content\/uploads\/2023\/05\/marques-thomas-gs9uci8JvGw-unsplash-768x469.jpg 768w, https:\/\/menschendecuba.de\/wp-content\/uploads\/2023\/05\/marques-thomas-gs9uci8JvGw-unsplash-1536x938.jpg 1536w, https:\/\/menschendecuba.de\/wp-content\/uploads\/2023\/05\/marques-thomas-gs9uci8JvGw-unsplash-2048x1251.jpg 2048w, https:\/\/menschendecuba.de\/wp-content\/uploads\/2023\/05\/marques-thomas-gs9uci8JvGw-unsplash-1568x957.jpg 1568w\" sizes=\"(max-width: 2560px) 100vw, 2560px\" \/><\/figure><div class=\"elementor-image-box-content\"><h4 class=\"elementor-image-box-title\">Mit PayPal spenden<\/h4><p class=\"elementor-image-box-description\">Puede donar f\u00e1cilmente a trav\u00e9s de Paypal. Para ello, haga clic en el bot\u00f3n y ser\u00e1 redirigido.\n\nConsejo: Al hacer clic en la casilla de verificaci\u00f3n tambi\u00e9n nos ayudas a cubrir los gastos de PayPal.<\/p><\/div><\/div>\t\t\t\t<\/div>\n\t\t\t\t<\/div>\n\t\t\t\t<div class=\"elementor-element elementor-element-8c137fd elementor-widget elementor-widget-html\" data-id=\"8c137fd\" data-element_type=\"widget\" data-e-type=\"widget\" data-widget_type=\"html.default\">\n\t\t\t\t<div class=\"elementor-widget-container\">\n\t\t\t\t\t<form action=\"https:\/\/www.paypal.com\/donate\" method=\"post\" target=\"_top\">\n<input type=\"hidden\" name=\"hosted_button_id\" value=\"GXL2TXFB7LDRC\" \/>\n<input type=\"image\" src=\"https:\/\/www.paypalobjects.com\/en_US\/DK\/i\/btn\/btn_donateCC_LG.gif\" border=\"0\" name=\"submit\" title=\"PayPal - The safer, easier way to pay online!\" alt=\"Donate with PayPal button\" \/>\n<img decoding=\"async\" alt=\"\" border=\"0\" src=\"https:\/\/www.paypal.com\/en_DE\/i\/scr\/pixel.gif\" width=\"1\" height=\"1\" \/>\n<\/form>\n\t\t\t\t<\/div>\n\t\t\t\t<\/div>\n\t\t\t\t\t<\/div>\n\t\t<\/div>\n\t\t\t\t<div class=\"elementor-column elementor-col-50 elementor-inner-column elementor-element elementor-element-1a974f5e\" data-id=\"1a974f5e\" data-element_type=\"column\" data-e-type=\"column\">\n\t\t\t<div class=\"elementor-widget-wrap elementor-element-populated\">\n\t\t\t\t\t\t<div class=\"elementor-element elementor-element-2b72adfb elementor-position-top elementor-widget elementor-widget-image-box\" data-id=\"2b72adfb\" data-element_type=\"widget\" data-e-type=\"widget\" data-widget_type=\"image-box.default\">\n\t\t\t\t<div class=\"elementor-widget-container\">\n\t\t\t\t\t<div class=\"elementor-image-box-wrapper\"><figure class=\"elementor-image-box-img\"><img decoding=\"async\" width=\"2560\" height=\"1542\" src=\"https:\/\/menschendecuba.de\/wp-content\/uploads\/2023\/05\/mika-baumeister-PZao9UjlbMY-unsplash-scaled-e1683031010725.jpg\" class=\"attachment-full size-full wp-image-288\" alt=\"\" style=\"width:100%;height:60.23%;max-width:2560px\" srcset=\"https:\/\/menschendecuba.de\/wp-content\/uploads\/2023\/05\/mika-baumeister-PZao9UjlbMY-unsplash-scaled-e1683031010725.jpg 2560w, https:\/\/menschendecuba.de\/wp-content\/uploads\/2023\/05\/mika-baumeister-PZao9UjlbMY-unsplash-scaled-e1683031010725-300x181.jpg 300w, https:\/\/menschendecuba.de\/wp-content\/uploads\/2023\/05\/mika-baumeister-PZao9UjlbMY-unsplash-scaled-e1683031010725-1024x617.jpg 1024w, https:\/\/menschendecuba.de\/wp-content\/uploads\/2023\/05\/mika-baumeister-PZao9UjlbMY-unsplash-scaled-e1683031010725-768x463.jpg 768w, https:\/\/menschendecuba.de\/wp-content\/uploads\/2023\/05\/mika-baumeister-PZao9UjlbMY-unsplash-scaled-e1683031010725-1536x925.jpg 1536w, https:\/\/menschendecuba.de\/wp-content\/uploads\/2023\/05\/mika-baumeister-PZao9UjlbMY-unsplash-scaled-e1683031010725-2048x1234.jpg 2048w, https:\/\/menschendecuba.de\/wp-content\/uploads\/2023\/05\/mika-baumeister-PZao9UjlbMY-unsplash-scaled-e1683031010725-1568x944.jpg 1568w\" sizes=\"(max-width: 2560px) 100vw, 2560px\" \/><\/figure><div class=\"elementor-image-box-content\"><h4 class=\"elementor-image-box-title\">Donar mediante transferencia bancaria<\/h4><p class=\"elementor-image-box-description\">Titular de la cuenta: MenschenDeCuba e.V.<br>\nNombre del banco: Volksbank Ulm-Biberach eG <br>\nIBAN: DE88 6309 0100 0123 9130 04\u2002\u2002\u2002\u2002<br>\nBIC: \u2002\u2002\u2002\u2002ULMVDE66\u2002<\/p><\/div><\/div>\t\t\t\t<\/div>\n\t\t\t\t<\/div>\n\t\t\t\t\t<\/div>\n\t\t<\/div>\n\t\t\t\t\t<\/div>\n\t\t<\/section>\n\t\t\t\t\t<\/div>\n\t\t<\/div>\n\t\t\t\t\t<\/div>\n\t\t<\/section>\n\t\t\t\t<\/div>","protected":false},"excerpt":{"rendered":"<p>Jetzt Spenden Der Verein und die freiheitsliebenden Menschen in Kuba sind \u00fcber jede tatkr\u00e4ftige, finanzielle oder materielle Unterst\u00fctzung dankbar, die zur Verwirklichung des Vereinszwecks beitragen kann. MenschenDeCuba e.V. Mit PayPal spenden Sie k\u00f6nnen ganz einfach \u00fcber Paypal spenden. Klicken Sie daf\u00fcr den Button, Sie werden weitergeleitet. Tipp: Mit einem Klick in die Checkbox hilfst du&hellip; <a class=\"more-link\" href=\"https:\/\/menschendecuba.de\/es\/jetzt-spenden\/\">Seguir leyendo <span class=\"screen-reader-text\">Jetzt spenden<\/span><\/a><\/p>","protected":false},"author":1,"featured_media":0,"parent":0,"menu_order":0,"comment_status":"closed","ping_status":"closed","template":"elementor_header_footer","meta":{"footnotes":""},"class_list":["post-276","page","type-page","status-publish","hentry","entry"],"_links":{"self":[{"href":"https:\/\/menschendecuba.de\/es\/wp-json\/wp\/v2\/pages\/276","targetHints":{"allow":["GET"]}}],"collection":[{"href":"https:\/\/menschendecuba.de\/es\/wp-json\/wp\/v2\/pages"}],"about":[{"href":"https:\/\/menschendecuba.de\/es\/wp-json\/wp\/v2\/types\/page"}],"author":[{"embeddable":true,"href":"https:\/\/menschendecuba.de\/es\/wp-json\/wp\/v2\/users\/1"}],"replies":[{"embeddable":true,"href":"https:\/\/menschendecuba.de\/es\/wp-json\/wp\/v2\/comments?post=276"}],"version-history":[{"count":0,"href":"https:\/\/menschendecuba.de\/es\/wp-json\/wp\/v2\/pages\/276\/revisions"}],"wp:attachment":[{"href":"https:\/\/menschendecuba.de\/es\/wp-json\/wp\/v2\/media?parent=276"}],"curies":[{"name":"wp","href":"https:\/\/api.w.org\/{rel}","templated":true}]}}